{"id":4713,"date":"2025-08-12T11:55:14","date_gmt":"2025-08-12T08:55:14","guid":{"rendered":"https:\/\/pannlinc.com\/?post_type=product&#038;p=4713"},"modified":"2025-08-12T11:55:14","modified_gmt":"2025-08-12T08:55:14","slug":"%d1%80%d0%b0%d0%b7%d1%80%d0%b0%d0%b1%d0%be%d1%82%d0%ba%d0%b0-%d0%bf%d1%80%d0%be%d1%84%d0%b8","status":"publish","type":"product","link":"https:\/\/pannlinc.com\/es\/producto\/%d1%80%d0%b0%d0%b7%d1%80%d0%b0%d0%b1%d0%be%d1%82%d0%ba%d0%b0-%d0%bf%d1%80%d0%be%d1%84%d0%b8\/","title":{"rendered":"Evoluci\u00f3n de los beneficios"},"content":{"rendered":"<p>Dise\u00f1o personalizado, desarrollo de CRM y ERP, conexi\u00f3n de m\u00f3dulos complejos y enlace con sistemas externos para la automatizaci\u00f3n completa de los procesos empresariales.<\/p>","protected":false},"excerpt":{"rendered":"<p>Dise\u00f1o personalizado, desarrollo de CRM y ERP, conexi\u00f3n de m\u00f3dulos complejos y enlace con sistemas externos para la automatizaci\u00f3n completa de los procesos empresariales.<\/p>","protected":false},"featured_media":4714,"comment_status":"closed","ping_status":"closed","template":"","meta":{"_acf_changed":false},"product_brand":[],"product_cat":[39],"product_tag":[],"class_list":{"0":"post-4713","1":"product","2":"type-product","3":"status-publish","4":"has-post-thumbnail","6":"product_cat-misc","8":"first","9":"instock","10":"taxable","11":"shipping-taxable","12":"purchasable","13":"product-type-simple"},"acf":[],"_links":{"self":[{"href":"https:\/\/pannlinc.com\/es\/wp-json\/wp\/v2\/product\/4713","targetHints":{"allow":["GET"]}}],"collection":[{"href":"https:\/\/pannlinc.com\/es\/wp-json\/wp\/v2\/product"}],"about":[{"href":"https:\/\/pannlinc.com\/es\/wp-json\/wp\/v2\/types\/product"}],"replies":[{"embeddable":true,"href":"https:\/\/pannlinc.com\/es\/wp-json\/wp\/v2\/comments?post=4713"}],"wp:featuredmedia":[{"embeddable":true,"href":"https:\/\/pannlinc.com\/es\/wp-json\/wp\/v2\/media\/4714"}],"wp:attachment":[{"href":"https:\/\/pannlinc.com\/es\/wp-json\/wp\/v2\/media?parent=4713"}],"wp:term":[{"taxonomy":"product_brand","embeddable":true,"href":"https:\/\/pannlinc.com\/es\/wp-json\/wp\/v2\/product_brand?post=4713"},{"taxonomy":"product_cat","embeddable":true,"href":"https:\/\/pannlinc.com\/es\/wp-json\/wp\/v2\/product_cat?post=4713"},{"taxonomy":"product_tag","embeddable":true,"href":"https:\/\/pannlinc.com\/es\/wp-json\/wp\/v2\/product_tag?post=4713"}],"curies":[{"name":"wp","href":"https:\/\/api.w.org\/{rel}","templated":true}]}}