{"id":4571,"date":"2025-08-05T12:46:32","date_gmt":"2025-08-05T09:46:32","guid":{"rendered":"https:\/\/pannlinc.com\/?page_id=4571"},"modified":"2025-08-05T15:31:54","modified_gmt":"2025-08-05T12:31:54","slug":"consent-to-the-processing-of-personal-data","status":"publish","type":"page","link":"https:\/\/pannlinc.com\/es\/consent-to-the-processing-of-personal-data\/","title":{"rendered":"Consentimiento para el tratamiento de datos personales"},"content":{"rendered":"<style>.elementor-4571 .elementor-element.elementor-element-23b2cba5{--display:flex;--margin-top:100px;--margin-bottom:0px;--margin-left:0px;--margin-right:0px;overflow:visible;}:root{--page-title-display:none;}<\/style>\t\t<div data-elementor-type=\"wp-page\" data-elementor-id=\"4571\" class=\"elementor elementor-4571\" data-elementor-post-type=\"page\">\n\t\t\t\t<div class=\"elementor-element elementor-element-23b2cba5 e-flex e-con-boxed e-con e-parent\" data-id=\"23b2cba5\" data-element_type=\"container\" data-e-type=\"container\" data-settings=\"{&quot;ekit_has_onepagescroll_dot&quot;:&quot;yes&quot;}\">\n\t\t\t\t\t<div class=\"e-con-inner\">\n\t\t\t\t<div class=\"elementor-element elementor-element-26a0ae5 elementor-widget elementor-widget-text-editor\" data-id=\"26a0ae5\" data-element_type=\"widget\" data-e-type=\"widget\" data-settings=\"{&quot;ekit_we_effect_on&quot;:&quot;none&quot;}\" data-widget_type=\"text-editor.default\">\n\t\t\t\t<div class=\"elementor-widget-container\">\n\t\t\t\t\t\t\t\t\t\n<h3 class=\"wp-block-heading\">Consentimiento para el tratamiento de datos personales<\/h3>\n\n<p><strong>Fecha de publicaci\u00f3n:<\/strong> 05 de agosto de 2025.<\/p>\n\n<p>Por la presente, al utilizar el sitio web. <a class=\"\" href=\"https:\/\/pannlinc.com\/es\/\">https:\/\/pannlinc.com\/<\/a> (en lo sucesivo, el \"Sitio\"), al dejar una solicitud a trav\u00e9s del formulario de comentarios o al registrarse en su cuenta personal, da su consentimiento para que <em>libre, espec\u00edfica, informada e inequ\u00edvoca<\/em> consentimiento (de conformidad con los art\u00edculos 4(11) y 7 GDPR) para el tratamiento de sus datos personales por Polina Haribian \"Pannl Inc\", con domicilio social en Carrer Carreters 49, 03130 Santa Pola (Alicante), Espa\u00f1a (en lo sucesivo, \"la Empresa\", \"nosotros\"). Seg\u00fan el GDPR, el consentimiento debe ser libre, espec\u00edfico, informado y expresado mediante una acci\u00f3n expl\u00edcita<a href=\"https:\/\/gdpr.eu\/gdpr-consent-requirements\/#:~:text=,\" target=\"_blank\" rel=\"noreferrer noopener\">gdpr.eu<\/a>.<\/p>\n\n<h4 class=\"wp-block-heading\">1. Categor\u00edas de datos personales<\/h4>\n\n<p>Usted autoriza a la Empresa a recoger y tratar los siguientes datos:<\/p>\n\n<ul class=\"wp-block-list\">\n<li><strong>Datos de inscripci\u00f3n:<\/strong> direcci\u00f3n de correo electr\u00f3nico o apodo y contrase\u00f1a;<\/li>\n\n<li><strong>Datos de contacto:<\/strong> nombre, n\u00famero de WhatsApp o apodo de Telegram si est\u00e1 rellenando el formulario de comentarios;<\/li>\n\n<li><strong>Datos t\u00e9cnicos:<\/strong> Direcci\u00f3n IP, cookies y datos de navegaci\u00f3n recogidos autom\u00e1ticamente cuando usted utiliza el Sitio;<\/li>\n\n<li><strong>M\u00e1s informaci\u00f3n:<\/strong> Informaci\u00f3n que facilite voluntariamente en consultas, mensajes o perfil.<\/li>\n<\/ul>\n\n<h4 class=\"wp-block-heading\">2. Finalidad del tratamiento<\/h4>\n\n<p>Los datos personales se recogen y tratan con los siguientes fines:<\/p>\n\n<ul class=\"wp-block-list\">\n<li>registrar una cuenta y proporcionar acceso a la cuenta personal;<\/li>\n\n<li>comentarios y responder a sus preguntas;<\/li>\n\n<li>Enviar notificaciones sobre cambios o eventos importantes relacionados con su cuenta;<\/li>\n\n<li>para garantizar la seguridad y evitar abusos;<\/li>\n\n<li>analizar el uso del Sitio utilizando cookies para mejorar el rendimiento del recurso (las cookies anal\u00edticas s\u00f3lo se utilizan con su consentimiento).<\/li>\n<\/ul>\n\n<h4 class=\"wp-block-heading\">3. Base jur\u00eddica<\/h4>\n\n<p>El tratamiento se basa en su consentimiento (Art. 6 (1) (a) GDPR). Tiene derecho a retirar su consentimiento en cualquier momento sin que ello afecte a la legalidad del tratamiento anterior <a href=\"https:\/\/gdpr.eu\/gdpr-consent-requirements\/#:~:text=,withdraw%20as%20to%20give%20consent\" target=\"_blank\" rel=\"noreferrer noopener\">gdpr.eu<\/a>. Puede retirar su consentimiento eliminando su cuenta, cambiando la configuraci\u00f3n de las cookies o enviando una solicitud por correo electr\u00f3nico. <a>info@pannlinc.com<\/a>. En caso de revocaci\u00f3n, dejaremos de tratar sus datos, a menos que sea necesario para el cumplimiento de un contrato o para cumplir la ley.<\/p>\n\n<h4 class=\"wp-block-heading\">4. Vida \u00fatil<\/h4>\n\n<p>Los datos se almacenar\u00e1n durante el tiempo que sea necesario para los fines especificados, pero no m\u00e1s all\u00e1 de la duraci\u00f3n de su cuenta o hasta que se reciba una solicitud de supresi\u00f3n. En caso de supresi\u00f3n o retirada del consentimiento, los datos se destruyen o se convierten en an\u00f3nimos.<\/p>\n\n<h4 class=\"wp-block-heading\">5. Transferencia y almacenamiento de datos<\/h4>\n\n<p>No compartimos sus datos personales con terceros, a excepci\u00f3n de los operadores de alojamiento y asistencia t\u00e9cnica que operan el Sitio, y estamos obligados a mantener la confidencialidad. Los datos personales se almacenan en servidores de la Uni\u00f3n Europea. Nosotros <strong>no<\/strong> transferir datos fuera de la UE.<\/p>\n\n<h4 class=\"wp-block-heading\">6. Derechos del interesado<\/h4>\n\n<p>En virtud del GDPR, usted tiene los siguientes derechos:<\/p>\n\n<ul class=\"wp-block-list\">\n<li><strong>derecho de acceso<\/strong> - para solicitar una copia de sus datos;<\/li>\n\n<li><strong>derecho de rectificaci\u00f3n<\/strong> - modificar los datos incorrectos de su cuenta personal;<\/li>\n\n<li><strong>derecho a ser suprimido (\"al olvido\")<\/strong> - solicitar la supresi\u00f3n de sus datos;<\/li>\n\n<li><strong>derecho a limitar el tratamiento<\/strong> \u0438 <strong>derecho de oposici\u00f3n<\/strong> - solicitar el cese temporal del tratamiento o prohibir el uso de los datos para determinados fines;<\/li>\n\n<li><strong>derecho a retirar el consentimiento<\/strong> - Es tan f\u00e1cil retirar el consentimiento como concederlo <a href=\"https:\/\/gdpr.eu\/gdpr-consent-requirements\/#:~:text=,withdraw%20as%20to%20give%20consent\" target=\"_blank\" rel=\"noreferrer noopener\">gdpr.eu<\/a>.<\/li>\n<\/ul>\n\n<p>Para ejercer estos derechos, env\u00ede una solicitud a <a>info@pannlinc.com<\/a>. Le responderemos en el plazo de un mes.<\/p>\n\n<h4 class=\"wp-block-heading\">7. Retirada del consentimiento<\/h4>\n\n<p>Tiene derecho a retirar su consentimiento en cualquier momento. La retirada puede hacerse a trav\u00e9s de:<\/p>\n\n<ul class=\"wp-block-list\">\n<li>cambiar la configuraci\u00f3n de las cookies en el banner o la cuenta personal (para las cookies anal\u00edticas);<\/li>\n\n<li>Elimina tu cuenta o ponte en contacto con el servicio de asistencia;<\/li>\n\n<li>enviando una carta a <a>info@pannlinc.com<\/a> indicando qu\u00e9 datos deben eliminarse.<\/li>\n<\/ul>\n\n<p>La retirada del consentimiento no afecta a la legalidad del tratamiento realizado antes de dicha retirada. <a href=\"https:\/\/gdpr.eu\/gdpr-consent-requirements\/#:~:text=,withdraw%20as%20to%20give%20consent\" target=\"_blank\" rel=\"noreferrer noopener\">gdpr.eu<\/a>.<\/p>\n\n<h4 class=\"wp-block-heading\">8. Informaci\u00f3n de contacto del operador<\/h4>\n\n<p>Si tiene alguna pregunta sobre el tratamiento de datos personales, puede ponerse en contacto con nosotros:<\/p>\n\n<ul class=\"wp-block-list\">\n<li><strong>Correo electr\u00f3nico:<\/strong> <a>info@pannlinc.com<\/a><\/li>\n\n<li><strong>Direcci\u00f3n postal:<\/strong> Carrer Carreters 49, 03130 Santa Pola (Alicante), Espa\u00f1a.<\/li>\n<\/ul>\n\n<h4 class=\"wp-block-heading\">9. Otras disposiciones<\/h4>\n\n<ul class=\"wp-block-list\">\n<li>Este consentimiento se otorga de forma voluntaria. Confirma que ha le\u00eddo la Pol\u00edtica de privacidad del sitio web y que comprende qu\u00e9 datos se tratan y c\u00f3mo se tratan.<\/li>\n\n<li>Podemos actualizar el texto de consentimiento si cambian los fines o los m\u00e9todos de tratamiento. La nueva versi\u00f3n se publicar\u00e1 en el Sitio. Al seguir utilizando el Sitio, usted reconoce haber le\u00eddo la versi\u00f3n actual.<\/li>\n\n<li>Si se declara nula alguna parte del consentimiento, ello no afectar\u00e1 a la validez de las restantes disposiciones.<\/li>\n<\/ul>\n<hr class=\"wp-block-separator has-alpha-channel-opacity\" \/>\n<p>Al enviar datos personales y hacer clic en el bot\u00f3n para enviar el formulario o completar el registro, usted confirma su consentimiento al tratamiento de acuerdo con los t\u00e9rminos de este documento.<\/p>\n\t\t\t\t\t\t\t\t<\/div>\n\t\t\t\t<\/div>\n\t\t\t\t\t<\/div>\n\t\t\t\t<\/div>\n\t\t\t\t<\/div>","protected":false},"excerpt":{"rendered":"<p>\u0421\u043e\u0433\u043b\u0430\u0441\u0438\u0435 \u043d\u0430 \u043e\u0431\u0440\u0430\u0431\u043e\u0442\u043a\u0443 \u043f\u0435\u0440\u0441\u043e\u043d\u0430\u043b\u044c\u043d\u044b\u0445 \u0434\u0430\u043d\u043d\u044b\u0445 \u0414\u0430\u0442\u0430 \u043f\u0443\u0431\u043b\u0438\u043a\u0430\u0446\u0438\u0438: 05\u00a0\u0430\u0432\u0433\u0443\u0441\u0442\u0430\u00a02025\u00a0\u0433. \u041d\u0430\u0441\u0442\u043e\u044f\u0449\u0438\u043c, \u0438\u0441\u043f\u043e\u043b\u044c\u0437\u0443\u044f \u0441\u0430\u0439\u0442 https:\/\/pannlinc.com\/ (\u0434\u0430\u043b\u0435\u0435\u00a0\u2014 \u00ab\u0421\u0430\u0439\u0442\u00bb), \u043e\u0441\u0442\u0430\u0432\u043b\u044f\u044f \u0437\u0430\u044f\u0432\u043a\u0443 \u0447\u0435\u0440\u0435\u0437 \u0444\u043e\u0440\u043c\u0443 \u043e\u0431\u0440\u0430\u0442\u043d\u043e\u0439 \u0441\u0432\u044f\u0437\u0438 \u0438\u043b\u0438 \u0440\u0435\u0433\u0438\u0441\u0442\u0440\u0438\u0440\u0443\u044f\u0441\u044c \u0432 \u043b\u0438\u0447\u043d\u043e\u043c \u043a\u0430\u0431\u0438\u043d\u0435\u0442\u0435, \u0432\u044b \u0434\u0430\u0451\u0442\u0435 \u0441\u0432\u043e\u0451 \u0441\u0432\u043e\u0431\u043e\u0434\u043d\u043e\u0435, \u043a\u043e\u043d\u043a\u0440\u0435\u0442\u043d\u043e\u0435, \u0438\u043d\u0444\u043e\u0440\u043c\u0438\u0440\u043e\u0432\u0430\u043d\u043d\u043e\u0435 \u0438 \u043e\u0434\u043d\u043e\u0437\u043d\u0430\u0447\u043d\u043e\u0435 \u0441\u043e\u0433\u043b\u0430\u0441\u0438\u0435 (\u0432 \u0441\u043e\u043e\u0442\u0432\u0435\u0442\u0441\u0442\u0432\u0438\u0438 \u0441\u043e \u0441\u0442.\u00a04(11) \u0438\u00a07 GDPR) \u043d\u0430 \u043e\u0431\u0440\u0430\u0431\u043e\u0442\u043a\u0443 \u0432\u0430\u0448\u0438\u0445 \u043f\u0435\u0440\u0441\u043e\u043d\u0430\u043b\u044c\u043d\u044b\u0445 \u0434\u0430\u043d\u043d\u044b\u0445 Polina\u00a0Haribian \u00abPannl\u00a0Inc\u00bb, \u044e\u0440\u0438\u0434\u0438\u0447\u0435\u0441\u043a\u0438\u0439 \u0430\u0434\u0440\u0435\u0441: Carrer\u00a0Carreters\u00a049, 03130\u00a0Santa\u00a0Pola (Alicante), \u0418\u0441\u043f\u0430\u043d\u0438\u044f (\u0434\u0430\u043b\u0435\u0435\u00a0\u2014 \u00ab\u041a\u043e\u043c\u043f\u0430\u043d\u0438\u044f\u00bb, [&hellip;]<\/p>","protected":false},"author":17,"featured_media":0,"parent":0,"menu_order":0,"comment_status":"closed","ping_status":"closed","template":"","meta":{"_acf_changed":false,"footnotes":""},"class_list":["post-4571","page","type-page","status-publish","hentry"],"acf":[],"_links":{"self":[{"href":"https:\/\/pannlinc.com\/es\/wp-json\/wp\/v2\/pages\/4571","targetHints":{"allow":["GET"]}}],"collection":[{"href":"https:\/\/pannlinc.com\/es\/wp-json\/wp\/v2\/pages"}],"about":[{"href":"https:\/\/pannlinc.com\/es\/wp-json\/wp\/v2\/types\/page"}],"author":[{"embeddable":true,"href":"https:\/\/pannlinc.com\/es\/wp-json\/wp\/v2\/users\/17"}],"replies":[{"embeddable":true,"href":"https:\/\/pannlinc.com\/es\/wp-json\/wp\/v2\/comments?post=4571"}],"version-history":[{"count":0,"href":"https:\/\/pannlinc.com\/es\/wp-json\/wp\/v2\/pages\/4571\/revisions"}],"wp:attachment":[{"href":"https:\/\/pannlinc.com\/es\/wp-json\/wp\/v2\/media?parent=4571"}],"curies":[{"name":"wp","href":"https:\/\/api.w.org\/{rel}","templated":true}]}}