{"id":4568,"date":"2025-08-05T12:21:19","date_gmt":"2025-08-05T09:21:19","guid":{"rendered":"https:\/\/pannlinc.com\/?page_id=4568"},"modified":"2025-09-21T16:11:40","modified_gmt":"2025-09-21T13:11:40","slug":"terms-of-use","status":"publish","type":"page","link":"https:\/\/pannlinc.com\/es\/terms-of-use\/","title":{"rendered":"Condiciones de uso"},"content":{"rendered":"<style>.elementor-4568 .elementor-element.elementor-element-4398d35b{--display:flex;--margin-top:100px;--margin-bottom:0px;--margin-left:0px;--margin-right:0px;overflow:visible;}:root{--page-title-display:none;}<\/style>\t\t<div data-elementor-type=\"wp-page\" data-elementor-id=\"4568\" class=\"elementor elementor-4568\" data-elementor-post-type=\"page\">\n\t\t\t\t<div class=\"elementor-element elementor-element-4398d35b e-flex e-con-boxed e-con e-parent\" data-id=\"4398d35b\" data-element_type=\"container\" data-e-type=\"container\" data-settings=\"{&quot;ekit_has_onepagescroll_dot&quot;:&quot;yes&quot;}\">\n\t\t\t\t\t<div class=\"e-con-inner\">\n\t\t\t\t<div class=\"elementor-element elementor-element-1651ab0d elementor-widget elementor-widget-text-editor\" data-id=\"1651ab0d\" data-element_type=\"widget\" data-e-type=\"widget\" data-settings=\"{&quot;ekit_we_effect_on&quot;:&quot;none&quot;}\" data-widget_type=\"text-editor.default\">\n\t\t\t\t<div class=\"elementor-widget-container\">\n\t\t\t\t\t\t\t\t\t<h2 class=\"wp-block-heading\">Condiciones de uso del sitio web de Pannl Inc.<\/h2>\n<p><!-- \/wp:heading --><!-- wp:paragraph --><\/p>\n<p><strong>V\u00e1lido a partir del: 05 de agosto de 2025.<\/strong><\/p>\n<p><!-- \/wp:paragraph --><!-- wp:paragraph --><\/p>\n<p>Las presentes Condiciones de Uso (\"Condiciones\") regulan su acceso y uso del sitio web <a class=\"\" href=\"https:\/\/pannlinc.com\/es\/\">https:\/\/pannlinc.com\/<\/a> (en lo sucesivo, el \"Sitio\"). El Sitio es propiedad y est\u00e1 gestionado por Polina Haribian \"Pannl Inc\" (domicilio social en Carrer Carreters 49, 03130 Santa Pola (Alicante), Espa\u00f1a; en lo sucesivo, \"Empresa\", \"nosotros\", \"nos\"). Por favor, lea atentamente estos T\u00e9rminos y Condiciones antes de utilizar el Sitio. Al utilizar o registrarse en el Sitio, reconoce que ha le\u00eddo, comprendido y aceptado las Condiciones. Si no est\u00e1 de acuerdo con las Condiciones, debe abstenerse de utilizar el Sitio.<\/p>\n<p><!-- \/wp:paragraph --><!-- wp:heading --><\/p>\n<h4 class=\"wp-block-heading\">1. informaci\u00f3n general sobre el sitio y los servicios<\/h4>\n<p><!-- \/wp:heading --><!-- wp:paragraph --><\/p>\n<p>1.1 El sitio ofrece informaci\u00f3n sobre los servicios profesionales de la Empresa para el desarrollo, la promoci\u00f3n y el mantenimiento de sitios web. Publicamos descripciones de posibles trabajos y precios aproximados. Las condiciones espec\u00edficas, el alcance del trabajo, los t\u00e9rminos y el pago se definen en un contrato individual entre el cliente y la Empresa.<br \/>1.2 Sitio web <strong>no es una plataforma de comercio electr\u00f3nico<\/strong>. No existen mecanismos de pago, pedido o compra en el Sitio. Para solicitar servicios, p\u00f3ngase en contacto con nosotros a trav\u00e9s del formulario de comentarios, correo electr\u00f3nico o mensajeros para discutir el proyecto y concluir el contrato.<br \/>1.3 Los usuarios no colocan su propio contenido en el Sitio; no hay comentarios, foros ni blogs. Todos los materiales publicados en el Sitio (textos, im\u00e1genes, logotipos, identidad corporativa) son propiedad de la Empresa o se utilizan legalmente con el permiso de los titulares de los derechos.<\/p>\n<p><!-- \/wp:paragraph --><!-- wp:heading --><\/p>\n<h4 class=\"wp-block-heading\">2. aceptaci\u00f3n de las Condiciones Generales y registro<\/h4>\n<p><!-- \/wp:heading --><!-- wp:paragraph --><\/p>\n<p>2.1 El acceso al Sitio se proporciona en forma de <strong>browsewrap<\/strong>Su uso continuado del Sitio constituye su aceptaci\u00f3n de las Condiciones. Para registrar una cuenta, deber\u00e1 proporcionar una direcci\u00f3n de correo electr\u00f3nico o un apodo y una contrase\u00f1a. Durante el proceso de registro, es posible que se le pida que acepte las Condiciones para garantizar su f\u00e1cil cumplimiento.<br \/>2.2 Al registrarse, usted se compromete a facilitar informaci\u00f3n actual y exacta. Usted es responsable de mantener la confidencialidad de los datos de su cuenta y de todas las actividades realizadas a trav\u00e9s de ella.<br \/>2.3 Nos reservamos el derecho, a nuestra discreci\u00f3n, de denegar el registro, restringir o cancelar su acceso al Sitio si incumple las Condiciones o la ley.<\/p>\n<p><!-- \/wp:paragraph --><!-- wp:heading --><\/p>\n<h4 class=\"wp-block-heading\">3. Derechos de propiedad intelectual<\/h4>\n<p><!-- \/wp:heading --><!-- wp:paragraph --><\/p>\n<p>3.1 Todos los derechos sobre los materiales del Sitio, incluidos textos, gr\u00e1ficos, logotipos, materiales de audio y v\u00eddeo, dise\u00f1o e identidad corporativa, pertenecen a la Empresa o se utilizan bajo licencia. Estos materiales est\u00e1n protegidos por las leyes de derechos de autor y marcas registradas.<br \/>3.2 Usted puede ver, copiar e imprimir materiales del Sitio <strong>s\u00f3lo para uso personal y no comercial<\/strong>. Usted no puede copiar, modificar, distribuir, publicar, transmitir, reproducir o crear trabajos derivados sin el permiso escrito de la Empresa.<br \/>3.3 Queda prohibido el uso de marcas, logotipos e identidad corporativa sin autorizaci\u00f3n.<\/p>\n<p><!-- \/wp:paragraph --><!-- wp:heading --><\/p>\n<h4 class=\"wp-block-heading\">4. uso del sitio web<\/h4>\n<p><!-- \/wp:heading --><!-- wp:paragraph --><\/p>\n<p>4.1 Usted se compromete a utilizar el Sitio \u00fanicamente para fines l\u00edcitos y a no realizar acciones que puedan violar los derechos o intereses leg\u00edtimos de la Empresa y de terceros. Prohibido:<\/p>\n<p><!-- \/wp:paragraph --><!-- wp:list --><\/p>\n<ul class=\"wp-block-list\">\n<li style=\"list-style-type: none;\">\n<ul class=\"wp-block-list\"><!-- wp:list-item --><\/ul>\n<\/li>\n<\/ul>\n<p>\u00a0<\/p>\n<ul class=\"wp-block-list\">\n<li style=\"list-style-type: none;\">\n<ul class=\"wp-block-list\">\n<li>intentar obtener acceso no autorizado al Sitio, los servidores o las bases de datos;<\/li>\n<\/ul>\n<\/li>\n<\/ul>\n<p><!-- \/wp:list-item --><!-- wp:list-item --><\/p>\n<ul class=\"wp-block-list\">\n<li style=\"list-style-type: none;\">\n<ul class=\"wp-block-list\">\n<li>publicar virus, c\u00f3digos maliciosos u otros materiales que puedan perturbar el funcionamiento del Sitio;<\/li>\n<\/ul>\n<\/li>\n<\/ul>\n<p><!-- \/wp:list-item --><!-- wp:list-item --><\/p>\n<ul class=\"wp-block-list\">\n<li style=\"list-style-type: none;\">\n<ul class=\"wp-block-list\">\n<li>utilizar herramientas automatizadas (robots, analizadores sint\u00e1cticos) para recopilar datos del Sitio sin nuestra autorizaci\u00f3n por escrito;<\/li>\n<\/ul>\n<\/li>\n<\/ul>\n<p><!-- \/wp:list-item --><!-- wp:list-item --><\/p>\n<ul class=\"wp-block-list\">\n<li style=\"list-style-type: none;\">\n<ul class=\"wp-block-list\">\n<li>hacerse pasar por otra persona u organizaci\u00f3n, proporcionar informaci\u00f3n falsa;<\/li>\n<\/ul>\n<\/li>\n<\/ul>\n<p><!-- \/wp:list-item --><!-- wp:list-item --><\/p>\n<ul class=\"wp-block-list\">\n<li style=\"list-style-type: none;\">\n<ul class=\"wp-block-list\">\n<li>violar las leyes y reglamentos aplicables.<\/li>\n<\/ul>\n<\/li>\n<\/ul>\n<p><!-- \/wp:list-item --><\/p>\n<p><!-- \/wp:list --><!-- wp:paragraph --><\/p>\n<p>4.2 Nos reservamos el derecho a suspender o cancelar su acceso al Sitio si incumple estas normas.<\/p>\n<p><!-- \/wp:paragraph --><!-- wp:heading --><\/p>\n<h4 class=\"wp-block-heading\">5. Precios e informaci\u00f3n sobre los servicios<\/h4>\n<p><!-- \/wp:heading --><!-- wp:paragraph --><\/p>\n<p>5.1 La informaci\u00f3n sobre servicios y precios que figura en el Sitio es s\u00f3lo de referencia y <strong>no es una oferta<\/strong>. Los precios pueden variar en funci\u00f3n de la complejidad del proyecto, los requisitos y el alcance del trabajo. El coste final y las condiciones de los servicios prestados se definen en un contrato individual celebrado entre la Empresa y el cliente.<br \/>5.2 Nos esforzamos por garantizar la exactitud de la informaci\u00f3n contenida en el Sitio, pero no garantizamos su absoluta pertinencia o integridad. Si tiene alguna duda, p\u00f3ngase en contacto directamente con nosotros para que se la aclaremos.<\/p>\n<p><!-- \/wp:paragraph --><!-- wp:heading --><\/p>\n<h4 class=\"wp-block-heading\">6. Descargo de responsabilidad<\/h4>\n<p><!-- \/wp:heading --><!-- wp:paragraph --><\/p>\n<p>6.1 El Sitio y su contenido son proporcionados por <strong>\"tal cual\" y \"seg\u00fan disponibilidad\"<\/strong>. No garantizamos que el Sitio funcione sin errores, interrupciones, p\u00e9rdida de datos o que satisfaga sus expectativas.<br \/>6.2 En la m\u00e1xima medida permitida por la ley, la Empresa renuncia a todas las garant\u00edas expresas e impl\u00edcitas, incluidas las garant\u00edas de idoneidad para un fin determinado y de no infracci\u00f3n.<br \/>6.3 No seremos responsables de los da\u00f1os directos, indirectos, incidentales, especiales, punitivos o consecuentes que se deriven del uso que usted haga del Sitio, salvo en los casos expresamente permitidos por la ley.<br \/>6.4 Algunas jurisdicciones no permiten la limitaci\u00f3n de responsabilidad, por lo que estas exclusiones y limitaciones pueden no aplicarse en su caso, pero nuestra responsabilidad se limita al m\u00e1ximo permitido por la ley.<\/p>\n<p><!-- \/wp:paragraph --><!-- wp:heading --><\/p>\n<h4 class=\"wp-block-heading\">7. Enlaces y recursos de terceros<\/h4>\n<p><!-- \/wp:heading --><!-- wp:paragraph --><\/p>\n<p>7.1 El Sitio puede contener enlaces a sitios web y recursos de terceros. Los proporcionamos para su comodidad, pero <strong>no controlamos su contenido<\/strong> y no son responsables de los materiales, productos o servicios disponibles en esos sitios. Al hacer clic en dichos enlaces, usted lo hace por su cuenta y riesgo y debe familiarizarse con las condiciones y pol\u00edticas de esos sitios.<br \/>7.2 La inclusi\u00f3n de enlaces de terceros no constituye una aprobaci\u00f3n o cooperaci\u00f3n con los propietarios de dichos sitios.<\/p>\n<p><!-- \/wp:paragraph --><!-- wp:heading --><\/p>\n<h4 class=\"wp-block-heading\">8. Pol\u00edtica de privacidad y cookies<\/h4>\n<p><!-- \/wp:heading --><!-- wp:paragraph --><\/p>\n<p>8.1 Los datos personales se procesan de acuerdo con nuestra Pol\u00edtica de Privacidad, que puede consultarse en <a class=\"\" href=\"https:\/\/pannlinc.com\/es\/privacy-policy\/\">https:\/\/pannlinc.com\/privacy-policy\/<\/a>. Le recomendamos que lo lea para comprender qu\u00e9 datos recogemos, c\u00f3mo los tratamos y qu\u00e9 derechos tiene.<br \/>8.2 Utilizamos cookies y tecnolog\u00edas similares. Los detalles se establecen en la Pol\u00edtica de Cookies. Al continuar utilizando el Sitio, usted acepta el uso de cookies obligatorias. El uso de cookies anal\u00edticas y de marketing requiere su consentimiento, que puede retirar en cualquier momento.<\/p>\n<p><!-- \/wp:paragraph --><!-- wp:heading --><\/p>\n<h4 class=\"wp-block-heading\">9. Cambios en las condiciones generales<\/h4>\n<p><!-- \/wp:heading --><!-- wp:paragraph --><\/p>\n<p>9.1 Nos reservamos el derecho a actualizar, modificar o enmendar las Condiciones en cualquier momento para reflejar cambios en los procesos empresariales o en los requisitos legales. Las actualizaciones entrar\u00e1n en vigor cuando la nueva versi\u00f3n de las Condiciones se publique en el Sitio Web.<br \/>9.2 Le recomendamos que revise peri\u00f3dicamente las Condiciones. Si se producen cambios que afecten materialmente a sus derechos, procuraremos notific\u00e1rselo (por ejemplo, por correo electr\u00f3nico o mediante un aviso en el Sitio). Su uso continuado del Sitio despu\u00e9s de un cambio en los T\u00e9rminos constituye la aceptaci\u00f3n de los t\u00e9rminos actualizados.<\/p>\n<p><!-- \/wp:paragraph --><!-- wp:heading --><\/p>\n<h4 class=\"wp-block-heading\">10. Legislaci\u00f3n aplicable y resoluci\u00f3n de litigios<\/h4>\n<p><!-- \/wp:heading --><!-- wp:paragraph --><\/p>\n<p>10.1 Las presentes Condiciones Generales se regir\u00e1n e interpretar\u00e1n de conformidad con la legislaci\u00f3n espa\u00f1ola. Todas las controversias derivadas del uso del Sitio se resolver\u00e1n en los tribunales espa\u00f1oles competentes.<br \/>10.2 Siempre recomendamos que se ponga en contacto con nosotros previamente para intentar resolver el asunto de forma amistosa.<\/p>\n<p><!-- \/wp:paragraph --><!-- wp:heading --><\/p>\n<h4 class=\"wp-block-heading\">11. 11. Informaci\u00f3n de contacto<\/h4>\n<p><!-- \/wp:heading --><!-- wp:paragraph --><\/p>\n<p>Si tiene alguna pregunta, sugerencia o queja sobre el Sitio o estas Condiciones, puede ponerse en contacto con nosotros:<\/p>\n<p><!-- \/wp:paragraph --><!-- wp:list --><\/p>\n<ul class=\"wp-block-list\">\n<li style=\"list-style-type: none;\">\n<ul class=\"wp-block-list\"><!-- wp:list-item --><\/ul>\n<\/li>\n<\/ul>\n<p>\u00a0<\/p>\n<ul class=\"wp-block-list\">\n<li style=\"list-style-type: none;\">\n<ul class=\"wp-block-list\">\n<li><strong>Correo electr\u00f3nico:<\/strong> <a>info@pannlinc.com<\/a><\/li>\n<\/ul>\n<\/li>\n<\/ul>\n<p><!-- \/wp:list-item --><!-- wp:list-item --><\/p>\n<ul class=\"wp-block-list\">\n<li style=\"list-style-type: none;\">\n<ul class=\"wp-block-list\">\n<li><strong>Direcci\u00f3n postal:<\/strong> Carrer Carreters 49, 03130 Santa Pola (Alicante), Espa\u00f1a<\/li>\n<\/ul>\n<\/li>\n<\/ul>\n<p><!-- \/wp:list-item --><\/p>\n<p><!-- \/wp:list --><!-- wp:paragraph --><\/p>\n<p>Si tiene preguntas sobre el tratamiento de datos personales, consulte nuestra Pol\u00edtica de privacidad y utilice el contacto facilitado para consultas.<\/p>\n<p><!-- \/wp:paragraph --><!-- wp:separator --><\/p>\n<hr class=\"wp-block-separator has-alpha-channel-opacity\" \/>\n<p><!-- \/wp:separator --><!-- wp:paragraph --><\/p>\n<p>Estas Condiciones de uso se publican de forma permanente en el Sitio, incluido el pie de p\u00e1gina, para que los usuarios puedan consultarlas f\u00e1cilmente en cualquier momento. Al utilizar el Sitio, usted reconoce que ha le\u00eddo y acepta estas Condiciones de uso.<\/p>\n<p><!-- \/wp:paragraph --><!-- wp:paragraph --><\/p>\n<p><!-- \/wp:paragraph --><\/p>\t\t\t\t\t\t\t\t<\/div>\n\t\t\t\t<\/div>\n\t\t\t\t\t<\/div>\n\t\t\t\t<\/div>\n\t\t\t\t<\/div>","protected":false},"excerpt":{"rendered":"<p>\u0423\u0441\u043b\u043e\u0432\u0438\u044f \u0438\u0441\u043f\u043e\u043b\u044c\u0437\u043e\u0432\u0430\u043d\u0438\u044f \u0441\u0430\u0439\u0442\u0430 Pannl\u00a0Inc. \u0414\u0435\u0439\u0441\u0442\u0432\u0438\u0442\u0435\u043b\u044c\u043d\u044b \u0441: 05\u00a0\u0430\u0432\u0433\u0443\u0441\u0442\u0430\u00a02025\u00a0\u0433. \u041d\u0430\u0441\u0442\u043e\u044f\u0449\u0438\u0435 \u0423\u0441\u043b\u043e\u0432\u0438\u044f \u0438\u0441\u043f\u043e\u043b\u044c\u0437\u043e\u0432\u0430\u043d\u0438\u044f (\u0434\u0430\u043b\u0435\u0435\u00a0\u2014 \u00ab\u0423\u0441\u043b\u043e\u0432\u0438\u044f\u00bb) \u0440\u0435\u0433\u0443\u043b\u0438\u0440\u0443\u044e\u0442 \u0434\u043e\u0441\u0442\u0443\u043f \u0438\u00a0\u0438\u0441\u043f\u043e\u043b\u044c\u0437\u043e\u0432\u0430\u043d\u0438\u0435 \u0432\u0435\u0431\u2011\u0441\u0430\u0439\u0442\u0430 https:\/\/pannlinc.com\/ (\u0434\u0430\u043b\u0435\u0435\u00a0\u2014 \u00ab\u0421\u0430\u0439\u0442\u00bb). \u0421\u0430\u0439\u0442 \u043f\u0440\u0438\u043d\u0430\u0434\u043b\u0435\u0436\u0438\u0442 \u0438\u00a0\u0443\u043f\u0440\u0430\u0432\u043b\u044f\u0435\u0442\u0441\u044f Polina\u00a0Haribian \u00abPannl\u00a0Inc\u00bb (\u044e\u0440\u0438\u0434\u0438\u0447\u0435\u0441\u043a\u0438\u0439 \u0430\u0434\u0440\u0435\u0441: Carrer\u00a0Carreters\u00a049, 03130\u00a0Santa\u00a0Pola (Alicante), \u0418\u0441\u043f\u0430\u043d\u0438\u044f; \u0434\u0430\u043b\u0435\u0435\u00a0\u2014 \u00ab\u041a\u043e\u043c\u043f\u0430\u043d\u0438\u044f\u00bb, \u00ab\u043c\u044b\u00bb, \u00ab\u043d\u0430\u0441\u00bb). \u041f\u043e\u0436\u0430\u043b\u0443\u0439\u0441\u0442\u0430, \u0432\u043d\u0438\u043c\u0430\u0442\u0435\u043b\u044c\u043d\u043e \u043f\u0440\u043e\u0447\u0438\u0442\u0430\u0439\u0442\u0435 \u044d\u0442\u0438 \u0423\u0441\u043b\u043e\u0432\u0438\u044f \u043f\u0435\u0440\u0435\u0434 \u0438\u0441\u043f\u043e\u043b\u044c\u0437\u043e\u0432\u0430\u043d\u0438\u0435\u043c \u0421\u0430\u0439\u0442\u0430. \u0418\u0441\u043f\u043e\u043b\u044c\u0437\u0443\u044f \u0421\u0430\u0439\u0442 \u0438\u043b\u0438 \u0440\u0435\u0433\u0438\u0441\u0442\u0440\u0438\u0440\u0443\u044f\u0441\u044c \u043d\u0430 \u043d\u0451\u043c, \u0432\u044b \u043f\u043e\u0434\u0442\u0432\u0435\u0440\u0436\u0434\u0430\u0435\u0442\u0435, \u0447\u0442\u043e \u043f\u0440\u043e\u0447\u0438\u0442\u0430\u043b\u0438, \u043f\u043e\u043d\u044f\u043b\u0438 \u0438\u00a0\u0441\u043e\u0433\u043b\u0430\u0441\u043d\u044b \u0441\u043e\u0431\u043b\u044e\u0434\u0430\u0442\u044c [&hellip;]<\/p>","protected":false},"author":17,"featured_media":0,"parent":0,"menu_order":0,"comment_status":"closed","ping_status":"closed","template":"","meta":{"_acf_changed":false,"footnotes":""},"class_list":["post-4568","page","type-page","status-publish","hentry"],"acf":[],"_links":{"self":[{"href":"https:\/\/pannlinc.com\/es\/wp-json\/wp\/v2\/pages\/4568","targetHints":{"allow":["GET"]}}],"collection":[{"href":"https:\/\/pannlinc.com\/es\/wp-json\/wp\/v2\/pages"}],"about":[{"href":"https:\/\/pannlinc.com\/es\/wp-json\/wp\/v2\/types\/page"}],"author":[{"embeddable":true,"href":"https:\/\/pannlinc.com\/es\/wp-json\/wp\/v2\/users\/17"}],"replies":[{"embeddable":true,"href":"https:\/\/pannlinc.com\/es\/wp-json\/wp\/v2\/comments?post=4568"}],"version-history":[{"count":0,"href":"https:\/\/pannlinc.com\/es\/wp-json\/wp\/v2\/pages\/4568\/revisions"}],"wp:attachment":[{"href":"https:\/\/pannlinc.com\/es\/wp-json\/wp\/v2\/media?parent=4568"}],"curies":[{"name":"wp","href":"https:\/\/api.w.org\/{rel}","templated":true}]}}